{"id":1095,"date":"2023-07-27T15:33:43","date_gmt":"2023-07-27T13:33:43","guid":{"rendered":"https:\/\/www.hotelchoiseuloperaparis.com\/new\/contact-acces\/"},"modified":"2024-08-06T16:26:09","modified_gmt":"2024-08-06T14:26:09","slug":"ubicacion-hotel-choiseul-opera","status":"publish","type":"page","link":"https:\/\/www.hotelchoiseuloperaparis.com\/es\/ubicacion-hotel-choiseul-opera\/","title":{"rendered":"Contact &#038; acc\u00e9s"},"content":{"rendered":"\n\t<section class=\"section\" id=\"section_289718224\">\n\t\t<div class=\"bg section-bg fill bg-fill  bg-loaded\" >\n\n\t\t\t\n\t\t\t\n\t\t\t\n\n\t\t<\/div>\n\n\t\t\n\n\t\t<div class=\"section-content relative\">\n\t\t\t\n\n\n\n<iframe style=\"border: 0;\" src=\"https:\/\/www.google.com\/maps\/embed?pb=!1m18!1m12!1m3!1d17655.998950439578!2d2.321389493253308!3d48.866219865221176!2m3!1f0!2f0!3f0!3m2!1i1024!2i768!4f13.1!3m3!1m2!1s0x47e66e30f67b29e5%3A0x534d5dfeddc90e2d!2s1+Rue+Daunou%2C+75002+Paris!5e0!3m2!1sfr!2sfr!4v1523371298566\" width=\"100%\" height=\"450\" frameborder=\"0\" allowfullscreen=\"allowfullscreen\"><span data-mce-type=\"bookmark\" style=\"display: inline-block; width: 0px; overflow: hidden; line-height: 0;\" class=\"mce_SELRES_start\"><\/span><\/iframe>\n\n<div class=\"promo-home\">\r\n<form id=\"AVP\" method=\"post\" action=\"https:\/\/www.secure-hotel-booking.com\/Hotel-Choiseul-Opera\/2VKP\/search\" onsubmit=\"if(_gaq!=null)_gaq.push(['_linkByPost', this]);\" target=\"_blank\"><input type=\"hidden\" id=\"language\" name=\"language\" value=\"es\" \/><input type=\"hidden\" id=\"AVP_arrivalDate\" name=\"arrivalDate\" value=\"\" \/><input type=\"hidden\" id=\"AVP_nights\" name=\"nights\" value=\"\" \/><input type=\"hidden\" id=\"guestCountSelector\" name=\"guestCountSelector\" value=\"ReadOnly\" \/><div class=\"input-date-resa\"><input id=\"date\" class=\"asDatePicker\" name=\"date-arrivee\" type=\"text\" placeholder=\"Fecha de llegada\" \/><i class=\"fa fa-calendar\"><\/i><\/div><div class=\"input-date-resa\"><input id=\"date2\" class=\"asDatePicker\" name=\"date-depart\" type=\"text\" placeholder=\"Fecha de salida\" \/><i class=\"fa fa-calendar\"><\/i><\/div><div class=\"input-date-resa content-select-adult\"><select id=\"selectedAdultCount\" name=\"selectedAdultCount\"><\/select><i class=\"fa fa-user\"><\/i><\/div><div class=\"input-date-resa\"> <input type=\"text\" id=\"rate\" name=\"rate\" value=\"\" placeholder=\"C\u00f3digo promocional\" onClick=\"javascript:value=''\" \/><\/div><div class=\"input-date-resa\"><input type=\"submit\" value=\"RESERVAR\" onclick=\"validate();\" \/> <a href=\"https:\/\/www.secure-hotel-booking.com\/modification\/Hotel-Choiseul-Opera\/2VKP?language=es\" target=\"_blank\" rel=\"noopener\" class=\"cancel-resa\">Mi reserva<\/a><\/div><\/form><script type=\"text\/javascript\" src=\"https:\/\/www.hotelchoiseuloperaparis.com\/availpro\/availpro.js\"><\/script><script src=\"https:\/\/www.hotelchoiseuloperaparis.com\/availpro\/jquery-ui.js\"><\/script><script src=\"https:\/\/www.hotelchoiseuloperaparis.com\/availpro\/i18n\/datepicker-es.js\"><\/script><link rel=\"stylesheet\" id=\"jquery-ui-css\" href=\"https:\/\/www.hotelchoiseuloperaparis.com\/availpro\/jquery-ui.css\" \/>\r\n<\/div>\r\n\n\n\n\t\t<\/div>\n\n\t\t\n<style>\n#section_289718224 {\n  padding-top: 0px;\n  padding-bottom: 0px;\n}\n#section_289718224 .ux-shape-divider--top svg {\n  height: 150px;\n  --divider-top-width: 100%;\n}\n#section_289718224 .ux-shape-divider--bottom svg {\n  height: 150px;\n  --divider-width: 100%;\n}\n<\/style>\n\t<\/section>\n\t\n\t<section class=\"section\" id=\"section_2089773171\">\n\t\t<div class=\"bg section-bg fill bg-fill  bg-loaded\" >\n\n\t\t\t\n\t\t\t\n\t\t\t\n\t<div class=\"is-border\"\n\t\tstyle=\"border-width:0px 0px 0px 0px;\">\n\t<\/div>\n\n\t\t<\/div>\n\n\t\t\n\n\t\t<div class=\"section-content relative\">\n\t\t\t\n\n<div class=\"row row-collapse align-equal\"  id=\"row-1378438734\">\n\n\n\t<div id=\"col-1140571937\" class=\"col medium-12 small-12 large-6\"  data-animate=\"fadeInLeft\">\n\t\t\t\t<div class=\"col-inner text-center\" style=\"background-color:rgb(0,0,0);\" >\n\t\t\t\n\t\t\t\n\n<h3 style=\"text-align: center;\">Contactar<\/h3>\n<\/p>\n<h2 style=\"text-align:left; font-size:16px;\">HOTEL CHOISEUL OPERA<\/h2>\n<p>1 rue Daunou<br \/>75002 Paris<br \/><a href=\"mailto:reservation@hotelchoiseulopera.com\">reservation@hotelchoiseulopera.com<\/a><br \/>+33 1 42 61 70 41<\/p>\n\n\n\t\t<\/div>\n\t\t\t\t\n<style>\n#col-1140571937 > .col-inner {\n  padding: 30px 30px 30px 30px;\n}\n<\/style>\n\t<\/div>\n\n\t\n\n\t<div id=\"col-1811090792\" class=\"col medium-12 small-12 large-6\"  data-animate=\"fadeInLeft\">\n\t\t\t\t<div class=\"col-inner text-center\" style=\"background-color:rgb(0,0,0);\" >\n\t\t\t\n\t\t\t\n\n\t<div class=\"img has-hover x md-x lg-x y md-y lg-y\" id=\"image_755409591\">\n\t\t\t\t\t\t\t\t<div class=\"img-inner image-cover dark\" style=\"padding-top:56.25%;\">\n\t\t\t<img decoding=\"async\" width=\"1024\" height=\"683\" src=\"https:\/\/www.hotelchoiseuloperaparis.com\/wp-content\/uploads\/2024\/04\/DSC6154.jpg\" class=\"attachment-original size-original\" alt=\"\" srcset=\"https:\/\/www.hotelchoiseuloperaparis.com\/wp-content\/uploads\/2024\/04\/DSC6154.jpg 1024w, https:\/\/www.hotelchoiseuloperaparis.com\/wp-content\/uploads\/2024\/04\/DSC6154-300x200.jpg 300w, https:\/\/www.hotelchoiseuloperaparis.com\/wp-content\/uploads\/2024\/04\/DSC6154-768x512.jpg 768w\" sizes=\"(max-width: 1024px) 100vw, 1024px\" \/>\t\t\t\t\t\t\n\t\t\t\t\t<\/div>\n\t\t\t\t\t\t\t\t\n<style>\n#image_755409591 {\n  width: 100%;\n}\n<\/style>\n\t<\/div>\n\t\n\n\n\t\t<\/div>\n\t\t\t\t\n<style>\n#col-1811090792 > .col-inner {\n  padding: 30px 30px 30px 30px;\n}\n<\/style>\n\t<\/div>\n\n\t\n\n\n<style>\n#row-1378438734 > .col > .col-inner {\n  background-color: rgb(255,255,255);\n}\n<\/style>\n<\/div>\n\n\t\t<\/div>\n\n\t\t\n<style>\n#section_2089773171 {\n  padding-top: 0px;\n  padding-bottom: 0px;\n  background-color: rgb(0,0,0);\n}\n#section_2089773171 .ux-shape-divider--top svg {\n  height: 150px;\n  --divider-top-width: 100%;\n}\n#section_2089773171 .ux-shape-divider--bottom svg {\n  height: 150px;\n  --divider-width: 100%;\n}\n<\/style>\n\t<\/section>\n\t\n\t<section class=\"section\" id=\"section_1440385037\">\n\t\t<div class=\"bg section-bg fill bg-fill  bg-loaded\" >\n\n\t\t\t\n\t\t\t\n\t\t\t\n\n\t\t<\/div>\n\n\t\t\n\n\t\t<div class=\"section-content relative\">\n\t\t\t\n\n<div class=\"row row-collapse align-middle align-center\"  id=\"row-1117584866\">\n\n\n\t<div id=\"col-775772975\" class=\"col small-12 large-12\"  >\n\t\t\t\t<div class=\"col-inner\"  >\n\t\t\t\n\t\t\t\n\n<h1 style=\"text-align: center; font-size:42px; margin-bottom:0px;\">Ubicaci\u00f3n<\/h1>\n\n\n\t\t<\/div>\n\t\t\t\t\n<style>\n#col-775772975 > .col-inner {\n  padding: 20px 0px 20px 0px;\n}\n<\/style>\n\t<\/div>\n\n\t\n\n<\/div>\n\n\t\t<\/div>\n\n\t\t\n<style>\n#section_1440385037 {\n  padding-top: 0px;\n  padding-bottom: 0px;\n  min-height: 90px;\n  background-color: #383838;\n}\n#section_1440385037 .ux-shape-divider--top svg {\n  height: 150px;\n  --divider-top-width: 100%;\n}\n#section_1440385037 .ux-shape-divider--bottom svg {\n  height: 150px;\n  --divider-width: 100%;\n}\n<\/style>\n\t<\/section>\n\t\n\t<section class=\"section\" id=\"section_1103834356\">\n\t\t<div class=\"bg section-bg fill bg-fill  \" >\n\n\t\t\t\n\t\t\t\n\t\t\t\n\n\t\t<\/div>\n\n\t\t\n\n\t\t<div class=\"section-content relative\">\n\t\t\t\n\n<div class=\"row row-collapse align-middle align-center\"  id=\"row-2017557546\">\n\n\n\t<div id=\"col-297596455\" class=\"col small-12 large-12\"  >\n\t\t\t\t<div class=\"col-inner\"  >\n\t\t\t\n\t\t\t\n\n\n\t\t<\/div>\n\t\t\t\t\n<style>\n#col-297596455 > .col-inner {\n  padding: 20px 0px 20px 0px;\n}\n<\/style>\n\t<\/div>\n\n\t\n\n<\/div>\n\n\t\t<\/div>\n\n\t\t\n<style>\n#section_1103834356 {\n  padding-top: 0px;\n  padding-bottom: 0px;\n  min-height: 300px;\n  background-color: #383838;\n}\n#section_1103834356 .section-bg.bg-loaded {\n  background-image: url(https:\/\/www.hotelchoiseuloperaparis.com\/wp-content\/uploads\/2024\/05\/bg-post.jpg);\n}\n#section_1103834356 .ux-shape-divider--top svg {\n  height: 150px;\n  --divider-top-width: 100%;\n}\n#section_1103834356 .ux-shape-divider--bottom svg {\n  height: 150px;\n  --divider-width: 100%;\n}\n<\/style>\n\t<\/section>\n\t\n\t<section class=\"section\" id=\"section_1899670503\">\n\t\t<div class=\"bg section-bg fill bg-fill  bg-loaded\" >\n\n\t\t\t\n\t\t\t\n\t\t\t\n\n\t\t<\/div>\n\n\t\t\n\n\t\t<div class=\"section-content relative\">\n\t\t\t\n\n<div class=\"row row-collapse align-middle align-center\"  id=\"row-575721372\">\n\n\n\t<div id=\"col-215342990\" class=\"col small-12 large-12\"  >\n\t\t\t\t<div class=\"col-inner\"  >\n\t\t\t\n\t\t\t\n\n<p>Situado entre \u00d3pera, la Madeleine, los grandes centros comerciales, la plaza Vend\u00f4me, la Bolsa y el Louvre, en un distrito prestigioso, nuestro establecimiento les ofrece un emplazamiento ideal en Par\u00eds que a\u00fana perfectamente negocios y turismo.<\/p>\n\n\n\t\t<\/div>\n\t\t\t\t\n<style>\n#col-215342990 > .col-inner {\n  padding: 20px 0px 20px 0px;\n}\n<\/style>\n\t<\/div>\n\n\t\n\n<\/div>\n\n\t\t<\/div>\n\n\t\t\n<style>\n#section_1899670503 {\n  padding-top: 0px;\n  padding-bottom: 0px;\n  min-height: 200px;\n  background-color: rgb(0,0,0);\n}\n#section_1899670503 .ux-shape-divider--top svg {\n  height: 150px;\n  --divider-top-width: 100%;\n}\n#section_1899670503 .ux-shape-divider--bottom svg {\n  height: 150px;\n  --divider-width: 100%;\n}\n<\/style>\n\t<\/section>\n\t\n\t<section class=\"section\" id=\"section_1989246064\">\n\t\t<div class=\"bg section-bg fill bg-fill  bg-loaded\" >\n\n\t\t\t\n\t\t\t\n\t\t\t\n\t<div class=\"is-border\"\n\t\tstyle=\"border-width:0px 0px 0px 0px;\">\n\t<\/div>\n\n\t\t<\/div>\n\n\t\t\n\n\t\t<div class=\"section-content relative\">\n\t\t\t\n\n<div class=\"row row-collapse align-middle\"  id=\"row-1041063467\">\n\n\n\t<div id=\"col-1200167283\" class=\"col medium-12 small-12 large-6\"  data-animate=\"fadeInLeft\">\n\t\t\t\t<div class=\"col-inner text-center\" style=\"background-color:rgb(0,0,0);\" >\n\t\t\t\n\t\t\t\n\n\t<div class=\"img has-hover x md-x lg-x y md-y lg-y\" id=\"image_1077287709\">\n\t\t\t\t\t\t\t\t<div class=\"img-inner image-cover dark\" style=\"padding-top:56.25%;\">\n\t\t\t<img decoding=\"async\" width=\"900\" height=\"579\" src=\"https:\/\/www.hotelchoiseuloperaparis.com\/wp-content\/uploads\/2024\/05\/04.jpg\" class=\"attachment-original size-original\" alt=\"\" srcset=\"https:\/\/www.hotelchoiseuloperaparis.com\/wp-content\/uploads\/2024\/05\/04.jpg 900w, https:\/\/www.hotelchoiseuloperaparis.com\/wp-content\/uploads\/2024\/05\/04-300x193.jpg 300w, https:\/\/www.hotelchoiseuloperaparis.com\/wp-content\/uploads\/2024\/05\/04-768x494.jpg 768w\" sizes=\"(max-width: 900px) 100vw, 900px\" \/>\t\t\t\t\t\t\n\t\t\t\t\t<\/div>\n\t\t\t\t\t\t\t\t\n<style>\n#image_1077287709 {\n  width: 100%;\n}\n<\/style>\n\t<\/div>\n\t\n\n\n\t\t<\/div>\n\t\t\t\t\n<style>\n#col-1200167283 > .col-inner {\n  padding: 30px 30px 30px 30px;\n}\n<\/style>\n\t<\/div>\n\n\t\n\n\t<div id=\"col-808788043\" class=\"col transports medium-12 small-12 large-6 medium-col-first\"  data-animate=\"fadeInRight\">\n\t\t\t\t<div class=\"col-inner text-center\" style=\"background-color:rgb(0,0,0);\" >\n\t\t\t\n\t\t\t\n\n\t<div id=\"text-1692581474\" class=\"text acces\">\n\t\t\n\n<p><b>M\u00e9tro\u00a0:<\/b>\u00a0Estaci\u00f3n Op\u00e9ra (l\u00edneas 3, 7 et 8), ou Pyramide (l\u00ednea 14).<\/p>\n<p><b>RER\u00a0:<\/b>\u00a0Estaci\u00f3n Auber (l\u00ednea A).<\/p>\n<p><b>Autob\u00fas :<\/b>\u00a0l\u00edneas 21, 27, 38, 68, 81, 95.<\/p>\n<p><b>V\u00e9lib\u00a0:<\/b>\u00a0Estaci\u00f3n frente al hotel.<\/p>\n<p><strong>Parking privado :<\/strong>\u00a0sujeto a disponibilidad.<\/p>\n\t\t\t<\/div>\n\t\n\n\t\t<\/div>\n\t\t\t\t\n<style>\n#col-808788043 > .col-inner {\n  padding: 30px 30px 30px 30px;\n}\n<\/style>\n\t<\/div>\n\n\t\n\n\n<style>\n#row-1041063467 > .col > .col-inner {\n  background-color: rgb(255,255,255);\n}\n<\/style>\n<\/div>\n\n\t\t<\/div>\n\n\t\t\n<style>\n#section_1989246064 {\n  padding-top: 0px;\n  padding-bottom: 0px;\n  background-color: rgb(0,0,0);\n}\n#section_1989246064 .ux-shape-divider--top svg {\n  height: 150px;\n  --divider-top-width: 100%;\n}\n#section_1989246064 .ux-shape-divider--bottom svg {\n  height: 150px;\n  --divider-width: 100%;\n}\n<\/style>\n\t<\/section>\n\t\n\n","protected":false},"excerpt":{"rendered":"","protected":false},"author":1,"featured_media":0,"parent":0,"menu_order":0,"comment_status":"closed","ping_status":"closed","template":"page-blank.php","meta":{"footnotes":""},"class_list":["post-1095","page","type-page","status-publish","hentry"],"yoast_head":"<!-- This site is optimized with the Yoast SEO plugin v25.6 - https:\/\/yoast.com\/wordpress\/plugins\/seo\/ -->\n<title>Hotel Choiseul Op\u00e9ra - Nuestra situaci\u00f3n - Sitio oficial<\/title>\n<meta name=\"description\" content=\"El Hotel Choiseul est\u00e1 situado en la calle Daunou, 1. 75002 Par\u00eds, Ile - de - France.\" \/>\n<meta name=\"robots\" content=\"index, follow, max-snippet:-1, max-image-preview:large, max-video-preview:-1\" \/>\n<link rel=\"canonical\" href=\"https:\/\/www.hotelchoiseuloperaparis.com\/es\/ubicacion-hotel-choiseul-opera\/\" \/>\n<meta property=\"og:locale\" content=\"es_ES\" \/>\n<meta property=\"og:type\" content=\"article\" \/>\n<meta property=\"og:title\" content=\"Hotel Choiseul Op\u00e9ra - Nuestra situaci\u00f3n - Sitio oficial\" \/>\n<meta property=\"og:description\" content=\"El Hotel Choiseul est\u00e1 situado en la calle Daunou, 1. 75002 Par\u00eds, Ile - de - France.\" \/>\n<meta property=\"og:url\" content=\"https:\/\/www.hotelchoiseuloperaparis.com\/es\/ubicacion-hotel-choiseul-opera\/\" \/>\n<meta property=\"og:site_name\" content=\"HOTEL CHOISEUL OPERA\" \/>\n<meta property=\"article:modified_time\" content=\"2024-08-06T14:26:09+00:00\" \/>\n<meta name=\"twitter:card\" content=\"summary_large_image\" \/>\n<meta name=\"twitter:label1\" content=\"Tiempo de lectura\" \/>\n\t<meta name=\"twitter:data1\" content=\"2 minutos\" \/>\n<script type=\"application\/ld+json\" class=\"yoast-schema-graph\">{\"@context\":\"https:\/\/schema.org\",\"@graph\":[{\"@type\":\"WebPage\",\"@id\":\"https:\/\/www.hotelchoiseuloperaparis.com\/es\/ubicacion-hotel-choiseul-opera\/\",\"url\":\"https:\/\/www.hotelchoiseuloperaparis.com\/es\/ubicacion-hotel-choiseul-opera\/\",\"name\":\"Hotel Choiseul Op\u00e9ra - Nuestra situaci\u00f3n - Sitio oficial\",\"isPartOf\":{\"@id\":\"https:\/\/www.hotelchoiseuloperaparis.com\/#website\"},\"datePublished\":\"2023-07-27T13:33:43+00:00\",\"dateModified\":\"2024-08-06T14:26:09+00:00\",\"description\":\"El Hotel Choiseul est\u00e1 situado en la calle Daunou, 1. 75002 Par\u00eds, Ile - de - France.\",\"breadcrumb\":{\"@id\":\"https:\/\/www.hotelchoiseuloperaparis.com\/es\/ubicacion-hotel-choiseul-opera\/#breadcrumb\"},\"inLanguage\":\"es\",\"potentialAction\":[{\"@type\":\"ReadAction\",\"target\":[\"https:\/\/www.hotelchoiseuloperaparis.com\/es\/ubicacion-hotel-choiseul-opera\/\"]}]},{\"@type\":\"BreadcrumbList\",\"@id\":\"https:\/\/www.hotelchoiseuloperaparis.com\/es\/ubicacion-hotel-choiseul-opera\/#breadcrumb\",\"itemListElement\":[{\"@type\":\"ListItem\",\"position\":1,\"name\":\"Accueil\",\"item\":\"https:\/\/www.hotelchoiseuloperaparis.com\/es\/\"},{\"@type\":\"ListItem\",\"position\":2,\"name\":\"Contact &#038; acc\u00e9s\"}]},{\"@type\":\"WebSite\",\"@id\":\"https:\/\/www.hotelchoiseuloperaparis.com\/#website\",\"url\":\"https:\/\/www.hotelchoiseuloperaparis.com\/\",\"name\":\"HOTEL CHOISEUL OPERA\",\"description\":\"El\u00e9gance au coeur de Paris\",\"potentialAction\":[{\"@type\":\"SearchAction\",\"target\":{\"@type\":\"EntryPoint\",\"urlTemplate\":\"https:\/\/www.hotelchoiseuloperaparis.com\/?s={search_term_string}\"},\"query-input\":{\"@type\":\"PropertyValueSpecification\",\"valueRequired\":true,\"valueName\":\"search_term_string\"}}],\"inLanguage\":\"es\"}]}<\/script>\n<!-- \/ Yoast SEO plugin. -->","yoast_head_json":{"title":"Hotel Choiseul Op\u00e9ra - Nuestra situaci\u00f3n - Sitio oficial","description":"El Hotel Choiseul est\u00e1 situado en la calle Daunou, 1. 75002 Par\u00eds, Ile - de - France.","robots":{"index":"index","follow":"follow","max-snippet":"max-snippet:-1","max-image-preview":"max-image-preview:large","max-video-preview":"max-video-preview:-1"},"canonical":"https:\/\/www.hotelchoiseuloperaparis.com\/es\/ubicacion-hotel-choiseul-opera\/","og_locale":"es_ES","og_type":"article","og_title":"Hotel Choiseul Op\u00e9ra - Nuestra situaci\u00f3n - Sitio oficial","og_description":"El Hotel Choiseul est\u00e1 situado en la calle Daunou, 1. 75002 Par\u00eds, Ile - de - France.","og_url":"https:\/\/www.hotelchoiseuloperaparis.com\/es\/ubicacion-hotel-choiseul-opera\/","og_site_name":"HOTEL CHOISEUL OPERA","article_modified_time":"2024-08-06T14:26:09+00:00","twitter_card":"summary_large_image","twitter_misc":{"Tiempo de lectura":"2 minutos"},"schema":{"@context":"https:\/\/schema.org","@graph":[{"@type":"WebPage","@id":"https:\/\/www.hotelchoiseuloperaparis.com\/es\/ubicacion-hotel-choiseul-opera\/","url":"https:\/\/www.hotelchoiseuloperaparis.com\/es\/ubicacion-hotel-choiseul-opera\/","name":"Hotel Choiseul Op\u00e9ra - Nuestra situaci\u00f3n - Sitio oficial","isPartOf":{"@id":"https:\/\/www.hotelchoiseuloperaparis.com\/#website"},"datePublished":"2023-07-27T13:33:43+00:00","dateModified":"2024-08-06T14:26:09+00:00","description":"El Hotel Choiseul est\u00e1 situado en la calle Daunou, 1. 75002 Par\u00eds, Ile - de - France.","breadcrumb":{"@id":"https:\/\/www.hotelchoiseuloperaparis.com\/es\/ubicacion-hotel-choiseul-opera\/#breadcrumb"},"inLanguage":"es","potentialAction":[{"@type":"ReadAction","target":["https:\/\/www.hotelchoiseuloperaparis.com\/es\/ubicacion-hotel-choiseul-opera\/"]}]},{"@type":"BreadcrumbList","@id":"https:\/\/www.hotelchoiseuloperaparis.com\/es\/ubicacion-hotel-choiseul-opera\/#breadcrumb","itemListElement":[{"@type":"ListItem","position":1,"name":"Accueil","item":"https:\/\/www.hotelchoiseuloperaparis.com\/es\/"},{"@type":"ListItem","position":2,"name":"Contact &#038; acc\u00e9s"}]},{"@type":"WebSite","@id":"https:\/\/www.hotelchoiseuloperaparis.com\/#website","url":"https:\/\/www.hotelchoiseuloperaparis.com\/","name":"HOTEL CHOISEUL OPERA","description":"El\u00e9gance au coeur de Paris","potentialAction":[{"@type":"SearchAction","target":{"@type":"EntryPoint","urlTemplate":"https:\/\/www.hotelchoiseuloperaparis.com\/?s={search_term_string}"},"query-input":{"@type":"PropertyValueSpecification","valueRequired":true,"valueName":"search_term_string"}}],"inLanguage":"es"}]}},"_links":{"self":[{"href":"https:\/\/www.hotelchoiseuloperaparis.com\/es\/wp-json\/wp\/v2\/pages\/1095","targetHints":{"allow":["GET"]}}],"collection":[{"href":"https:\/\/www.hotelchoiseuloperaparis.com\/es\/wp-json\/wp\/v2\/pages"}],"about":[{"href":"https:\/\/www.hotelchoiseuloperaparis.com\/es\/wp-json\/wp\/v2\/types\/page"}],"author":[{"embeddable":true,"href":"https:\/\/www.hotelchoiseuloperaparis.com\/es\/wp-json\/wp\/v2\/users\/1"}],"replies":[{"embeddable":true,"href":"https:\/\/www.hotelchoiseuloperaparis.com\/es\/wp-json\/wp\/v2\/comments?post=1095"}],"version-history":[{"count":3,"href":"https:\/\/www.hotelchoiseuloperaparis.com\/es\/wp-json\/wp\/v2\/pages\/1095\/revisions"}],"predecessor-version":[{"id":1247,"href":"https:\/\/www.hotelchoiseuloperaparis.com\/es\/wp-json\/wp\/v2\/pages\/1095\/revisions\/1247"}],"wp:attachment":[{"href":"https:\/\/www.hotelchoiseuloperaparis.com\/es\/wp-json\/wp\/v2\/media?parent=1095"}],"curies":[{"name":"wp","href":"https:\/\/api.w.org\/{rel}","templated":true}]}}